{"id":3570,"date":"2016-11-13T16:00:33","date_gmt":"2016-11-13T16:00:33","guid":{"rendered":"http:\/\/mohamedh.ml\/blog\/?page_id=3570"},"modified":"2022-04-19T01:30:19","modified_gmt":"2022-04-19T01:30:19","slug":"who-am-i","status":"publish","type":"page","link":"https:\/\/mohamedh.me\/blog\/who-am-i\/","title":{"rendered":"who Am I?"},"content":{"rendered":"\n<p class=\"has-regular-font-size\">Hello! I am Mohamed, a Computer Scientist!  I love Travelling, Watching anime  and doing some Volunteering Activities.<br><br>I&#8217;m passionate about programming, web development and I love Quantum computing !  <br><br>I am currently a masters student at ENS Paris Saclay and doing an internship on Verification of Quantum programs at CEA Saclay. My internship is supervised by <a href=\"https:\/\/sites.google.com\/site\/christophechareton\/\">Christophe Chareton<\/a> and we are working on <a href=\"https:\/\/qbricks.github.io\/\">Qbricks<\/a>.<\/p>\n\n\n\n<p><\/p>\n\n\n<! ========= Cool Timeline Free 2.4.5 =========><div class=\"cool_timeline cool-timeline-wrapper both-sided-wrapper white-timeline-wrapper default-skin-tm\"><h2 class=\"timeline-main-title center-block\">Timeline<\/h2><div class=\"cool-timeline white-timeline ultimate-style both-sided-wrapper vertical \"><div data-animations=\"fade-up\"  id=\"ctl-free-one\" class=\"cooltimeline_cont  clearfix icons_no\"><div  data-aos=\"fade-up\"  class=\"timeline-year scrollable-section\"\r\n\t\t\t\t\t\t\t\tdata-section-title=\"2022\" id=\"clt-2022\">\r\n\t\t\t\t\t\t\t\t<div class=\"icon-placeholder\"><span class=\"ctl-timeline-date\">2022<\/span><\/div>\r\n\t\t\t\t\t\t\t\t<div class=\"timeline-bar\"><\/div>\r\n\t\t\t\t\t\t\t\t<\/div><!-- .timeline-post-start--><div  class=\"timeline-post even light-grey-post icons_no  default-skin\"  id=\"story-3809\"><div  data-aos=\"fade-up\" class=\"timeline-meta\"><div class=\"meta-details\">11\/04\/2022<\/div><\/div><div  data-aos=\"fade-up\" class=\"timeline-icon icon-dot-full\"><div class=\"timeline-bar\"><\/div><\/div><div  data-aos=\"fade-up\" class=\"timeline-content clearfix\"><h2 class=\"content-title\">Internship @ CEA Saclay<\/h2><div class=\"ctl_info event-description full\"><div class=\"content-details\">Internship supervised by Christophe Chareton on Verification of Quantum programs<\/div><\/div><\/div><!-- timeline content --><\/div><!-- .timeline-post-end --><div  data-aos=\"fade-up\"  class=\"timeline-year scrollable-section\"\r\n\t\t\t\t\t\t\t\tdata-section-title=\"2021\" id=\"clt-2021\">\r\n\t\t\t\t\t\t\t\t<div class=\"icon-placeholder\"><span class=\"ctl-timeline-date\">2021<\/span><\/div>\r\n\t\t\t\t\t\t\t\t<div class=\"timeline-bar\"><\/div>\r\n\t\t\t\t\t\t\t\t<\/div><!-- .timeline-post-start--><div  class=\"timeline-post odd light-grey-post icons_no  default-skin\"  id=\"story-3808\"><div  data-aos=\"fade-up\" class=\"timeline-meta\"><div class=\"meta-details\">15\/04\/2021<\/div><\/div><div  data-aos=\"fade-up\" class=\"timeline-icon icon-dot-full\"><div class=\"timeline-bar\"><\/div><\/div><div  data-aos=\"fade-up\" class=\"timeline-content clearfix\"><h2 class=\"content-title\">Internship @ ENS Lyon<\/h2><div class=\"ctl_info event-description full\"><div class=\"content-details\">Internship Supervised by\u00a0 Peter Brown on DIQKD<\/div><\/div><\/div><!-- timeline content --><\/div><!-- .timeline-post-end --><div  data-aos=\"fade-up\"  class=\"timeline-year scrollable-section\"\r\n\t\t\t\t\t\t\t\tdata-section-title=\"2020\" id=\"clt-2020\">\r\n\t\t\t\t\t\t\t\t<div class=\"icon-placeholder\"><span class=\"ctl-timeline-date\">2020<\/span><\/div>\r\n\t\t\t\t\t\t\t\t<div class=\"timeline-bar\"><\/div>\r\n\t\t\t\t\t\t\t\t<\/div><!-- .timeline-post-start--><div  class=\"timeline-post even light-grey-post icons_no  default-skin\"  id=\"story-3797\"><div  data-aos=\"fade-up\" class=\"timeline-meta\"><div class=\"meta-details\">07\/09\/2020<\/div><\/div><div  data-aos=\"fade-up\" class=\"timeline-icon icon-dot-full\"><div class=\"timeline-bar\"><\/div><\/div><div  data-aos=\"fade-up\" class=\"timeline-content clearfix\"><h2 class=\"content-title\">Started Masters Program<\/h2><div class=\"ctl_info event-description full\"><div class=\"content-details\">Masters degree @ ENS Paris Saclay: Parisian master of research in computer science<\/div><\/div><\/div><!-- timeline content --><\/div><!-- .timeline-post-end --><!-- .timeline-post-start--><div  class=\"timeline-post odd light-grey-post icons_no  default-skin\"  id=\"story-3777\"><div  data-aos=\"fade-up\" class=\"timeline-meta\"><div class=\"meta-details\">15\/07\/2020<\/div><\/div><div  data-aos=\"fade-up\" class=\"timeline-icon icon-dot-full\"><div class=\"timeline-bar\"><\/div><\/div><div  data-aos=\"fade-up\" class=\"timeline-content clearfix\"><h2 class=\"content-title\">Graduated from Universite Claude Bernard (Bachelor of computer science)<\/h2><div class=\"ctl_info event-description full\"><div class=\"content-details\"><\/div><\/div><\/div><!-- timeline content --><\/div><!-- .timeline-post-end --><div  data-aos=\"fade-up\"  class=\"timeline-year scrollable-section\"\r\n\t\t\t\t\t\t\t\tdata-section-title=\"2019\" id=\"clt-2019\">\r\n\t\t\t\t\t\t\t\t<div class=\"icon-placeholder\"><span class=\"ctl-timeline-date\">2019<\/span><\/div>\r\n\t\t\t\t\t\t\t\t<div class=\"timeline-bar\"><\/div>\r\n\t\t\t\t\t\t\t\t<\/div><!-- .timeline-post-start--><div  class=\"timeline-post even light-grey-post icons_no  default-skin\"  id=\"story-3635\"><div  data-aos=\"fade-up\" class=\"timeline-meta\"><div class=\"meta-details\">18\/03\/2019<\/div><\/div><div  data-aos=\"fade-up\" class=\"timeline-icon icon-dot-full\"><div class=\"timeline-bar\"><\/div><\/div><div  data-aos=\"fade-up\" class=\"timeline-content clearfix\"><h2 class=\"content-title\">Joined TEDx volunteer subtitling project<\/h2><div class=\"ctl_info event-description \"><div class=\"content-details\"><\/div><\/div><\/div><!-- timeline content --><\/div><!-- .timeline-post-end --><div  data-aos=\"fade-up\"  class=\"timeline-year scrollable-section\"\r\n\t\t\t\t\t\t\t\tdata-section-title=\"2017\" id=\"clt-2017\">\r\n\t\t\t\t\t\t\t\t<div class=\"icon-placeholder\"><span class=\"ctl-timeline-date\">2017<\/span><\/div>\r\n\t\t\t\t\t\t\t\t<div class=\"timeline-bar\"><\/div>\r\n\t\t\t\t\t\t\t\t<\/div><!-- .timeline-post-start--><div  class=\"timeline-post odd light-grey-post icons_no  default-skin\"  id=\"story-3810\"><div  data-aos=\"fade-up\" class=\"timeline-meta\"><div class=\"meta-details\">01\/07\/2017<\/div><\/div><div  data-aos=\"fade-up\" class=\"timeline-icon icon-dot-full\"><div class=\"timeline-bar\"><\/div><\/div><div  data-aos=\"fade-up\" class=\"timeline-content clearfix\"><h2 class=\"content-title\">Graduated from High School<\/h2><div class=\"ctl_info event-description full\"><div class=\"content-details\">Baccalaur\u00e9at g\u00e9n\u00e9ral, s\u00e9rie S<\/div><\/div><\/div><!-- timeline content --><\/div><!-- .timeline-post-end --><div  data-aos=\"fade-up\"  class=\"timeline-year scrollable-section\"\r\n\t\t\t\t\t\t\t\tdata-section-title=\"2013\" id=\"clt-2013\">\r\n\t\t\t\t\t\t\t\t<div class=\"icon-placeholder\"><span class=\"ctl-timeline-date\">2013<\/span><\/div>\r\n\t\t\t\t\t\t\t\t<div class=\"timeline-bar\"><\/div>\r\n\t\t\t\t\t\t\t\t<\/div><!-- .timeline-post-start--><div  class=\"timeline-post even light-grey-post icons_no  default-skin\"  id=\"story-3592\"><div  data-aos=\"fade-up\" class=\"timeline-meta\"><div class=\"meta-details\">30\/06\/2013<\/div><\/div><div  data-aos=\"fade-up\" class=\"timeline-icon icon-dot-full\"><div class=\"timeline-bar\"><\/div><\/div><div  data-aos=\"fade-up\" class=\"timeline-content clearfix\"><h2 class=\"content-title\">Moved to Ankara, Turkey<\/h2><div class=\"ctl_info event-description \"><div class=\"content-details\">Started school at LFCG<\/div><\/div><\/div><!-- timeline content --><\/div><!-- .timeline-post-end --><div  data-aos=\"fade-up\"  class=\"timeline-year scrollable-section\"\r\n\t\t\t\t\t\t\t\tdata-section-title=\"2005\" id=\"clt-2005\">\r\n\t\t\t\t\t\t\t\t<div class=\"icon-placeholder\"><span class=\"ctl-timeline-date\">2005<\/span><\/div>\r\n\t\t\t\t\t\t\t\t<div class=\"timeline-bar\"><\/div>\r\n\t\t\t\t\t\t\t\t<\/div><!-- .timeline-post-start--><div  class=\"timeline-post odd light-grey-post icons_no  default-skin\"  id=\"story-3591\"><div  data-aos=\"fade-up\" class=\"timeline-meta\"><div class=\"meta-details\">28\/12\/2005<\/div><\/div><div  data-aos=\"fade-up\" class=\"timeline-icon icon-dot-full\"><div class=\"timeline-bar\"><\/div><\/div><div  data-aos=\"fade-up\" class=\"timeline-content clearfix\"><h2 class=\"content-title\">Entered CSF<\/h2><div class=\"ctl_info event-description \"><div class=\"content-details\">Started school at College de la sainte famille<\/div><\/div><\/div><!-- timeline content --><\/div><!-- .timeline-post-end --><div  data-aos=\"fade-up\"  class=\"timeline-year scrollable-section\"\r\n\t\t\t\t\t\t\t\tdata-section-title=\"1998\" id=\"clt-1998\">\r\n\t\t\t\t\t\t\t\t<div class=\"icon-placeholder\"><span class=\"ctl-timeline-date\">1998<\/span><\/div>\r\n\t\t\t\t\t\t\t\t<div class=\"timeline-bar\"><\/div>\r\n\t\t\t\t\t\t\t\t<\/div><!-- .timeline-post-start--><div  class=\"timeline-post even light-grey-post icons_no  default-skin\"  id=\"story-3590\"><div  data-aos=\"fade-up\" class=\"timeline-meta\"><div class=\"meta-details\">03\/10\/1998<\/div><\/div><div  data-aos=\"fade-up\" class=\"timeline-icon icon-dot-full\"><div class=\"timeline-bar\"><\/div><\/div><div  data-aos=\"fade-up\" class=\"timeline-content clearfix\"><h2 class=\"content-title\">Born!<\/h2><div class=\"ctl_info event-description \"><div class=\"content-details\"><\/div><\/div><\/div><!-- timeline content --><\/div><!-- .timeline-post-end --><\/div><div class=\"clearfix\"><\/div><\/div> <\/div><!-- end\r\n\t\t\t================================================== -->","protected":false},"excerpt":{"rendered":"<p>Hello! I am Mohamed, a Computer Scientist! I love Travelling, Watching anime and doing some Volunteering Activities. I&#8217;m passionate about programming, web development and I..<a class=\"read_more ctl_read_more\" target=\"_self\" href=\"https:\/\/mohamedh.me\/blog\/cool_timeline\/me\/\">Read More<\/a><\/p>\n","protected":false},"author":1,"featured_media":0,"parent":0,"menu_order":0,"comment_status":"closed","ping_status":"closed","template":"","meta":{"footnotes":""},"_links":{"self":[{"href":"https:\/\/mohamedh.me\/blog\/wp-json\/wp\/v2\/pages\/3570"}],"collection":[{"href":"https:\/\/mohamedh.me\/blog\/wp-json\/wp\/v2\/pages"}],"about":[{"href":"https:\/\/mohamedh.me\/blog\/wp-json\/wp\/v2\/types\/page"}],"author":[{"embeddable":true,"href":"https:\/\/mohamedh.me\/blog\/wp-json\/wp\/v2\/users\/1"}],"replies":[{"embeddable":true,"href":"https:\/\/mohamedh.me\/blog\/wp-json\/wp\/v2\/comments?post=3570"}],"version-history":[{"count":10,"href":"https:\/\/mohamedh.me\/blog\/wp-json\/wp\/v2\/pages\/3570\/revisions"}],"predecessor-version":[{"id":3807,"href":"https:\/\/mohamedh.me\/blog\/wp-json\/wp\/v2\/pages\/3570\/revisions\/3807"}],"wp:attachment":[{"href":"https:\/\/mohamedh.me\/blog\/wp-json\/wp\/v2\/media?parent=3570"}],"curies":[{"name":"wp","href":"https:\/\/api.w.org\/{rel}","templated":true}]}}